{"id":473,"date":"2024-01-19T02:56:52","date_gmt":"2024-01-19T02:56:52","guid":{"rendered":"https:\/\/gtechniqvietnamcom627.chiliweb.org\/?post_type=product&#038;p=473"},"modified":"2025-08-13T16:34:29","modified_gmt":"2025-08-13T09:34:29","slug":"bien-quang-cao-1","status":"publish","type":"product","link":"https:\/\/nvcgroupvn856.mbws.vn\/vi\/san-pham\/bien-quang-cao-1\/","title":{"rendered":"Bi\u1ec3n qu\u1ea3ng c\u00e1o 1"},"content":{"rendered":"<p>Bi\u1ec3n qu\u1ea3ng c\u00e1o &#8220;X\u01b0\u1edfng s\u1ea3n xu\u1ea5t NVC GROUP&#8221; \u0111\u01b0\u1ee3c thi\u1ebft k\u1ebf tinh t\u1ebf v\u1edbi n\u1ec1n v\u00e2n g\u1ed7 n\u00e2u v\u00e0ng sang tr\u1ecdng, t\u1ea1o c\u1ea3m gi\u00e1c \u1ea5m \u00e1p v\u00e0 g\u1ea7n g\u0169i. Ch\u1eef tr\u1eafng n\u1ed5i b\u1eadt tr\u00ean n\u1ec1n t\u1ed1i, d\u1ec5 nh\u1eadn di\u1ec7n t\u1eeb xa, gi\u00fap kh\u00e1ch h\u00e0ng nhanh ch\u00f3ng nh\u1eadn bi\u1ebft th\u01b0\u01a1ng hi\u1ec7u. Phong c\u00e1ch t\u1ed1i gi\u1ea3n nh\u01b0ng hi\u1ec7n \u0111\u1ea1i, ph\u00f9 h\u1ee3p v\u1edbi h\u00ecnh \u1ea3nh chuy\u00ean nghi\u1ec7p c\u1ee7a doanh nghi\u1ec7p xu\u1ea5t kh\u1ea9u g\u1ed7. Bi\u1ec3n c\u00f3 \u0111\u1ed9 b\u1ec1n cao, ch\u1ed1ng phai m\u00e0u v\u00e0 ch\u1ecbu \u0111\u01b0\u1ee3c \u0111i\u1ec1u ki\u1ec7n th\u1eddi ti\u1ebft ngo\u00e0i tr\u1eddi, \u0111\u1ea3m b\u1ea3o t\u00ednh th\u1ea9m m\u1ef9 l\u00e2u d\u00e0i.<\/p>\n","protected":false},"excerpt":{"rendered":"<p>Bi\u1ec3n qu\u1ea3ng c\u00e1o NVC GROUP n\u1ec1n v\u00e2n g\u1ed7 sang tr\u1ecdng, thi\u1ebft k\u1ebf hi\u1ec7n \u0111\u1ea1i, ch\u1eef tr\u1eafng n\u1ed5i b\u1eadt.<\/p>\n","protected":false},"featured_media":1746,"comment_status":"open","ping_status":"closed","template":"","meta":[],"product_brand":[],"product_cat":[47,49],"product_tag":[],"class_list":{"0":"post-473","1":"product","2":"type-product","3":"status-publish","4":"has-post-thumbnail","6":"product_cat-bien-quang-cao-ngoai-troi","7":"product_cat-bien-quang-cao","9":"first","10":"instock","11":"shipping-taxable","12":"product-type-variable"},"_links":{"self":[{"href":"https:\/\/nvcgroupvn856.mbws.vn\/vi\/wp-json\/wp\/v2\/product\/473","targetHints":{"allow":["GET"]}}],"collection":[{"href":"https:\/\/nvcgroupvn856.mbws.vn\/vi\/wp-json\/wp\/v2\/product"}],"about":[{"href":"https:\/\/nvcgroupvn856.mbws.vn\/vi\/wp-json\/wp\/v2\/types\/product"}],"replies":[{"embeddable":true,"href":"https:\/\/nvcgroupvn856.mbws.vn\/vi\/wp-json\/wp\/v2\/comments?post=473"}],"wp:featuredmedia":[{"embeddable":true,"href":"https:\/\/nvcgroupvn856.mbws.vn\/vi\/wp-json\/wp\/v2\/media\/1746"}],"wp:attachment":[{"href":"https:\/\/nvcgroupvn856.mbws.vn\/vi\/wp-json\/wp\/v2\/media?parent=473"}],"wp:term":[{"taxonomy":"product_brand","embeddable":true,"href":"https:\/\/nvcgroupvn856.mbws.vn\/vi\/wp-json\/wp\/v2\/product_brand?post=473"},{"taxonomy":"product_cat","embeddable":true,"href":"https:\/\/nvcgroupvn856.mbws.vn\/vi\/wp-json\/wp\/v2\/product_cat?post=473"},{"taxonomy":"product_tag","embeddable":true,"href":"https:\/\/nvcgroupvn856.mbws.vn\/vi\/wp-json\/wp\/v2\/product_tag?post=473"}],"curies":[{"name":"wp","href":"https:\/\/api.w.org\/{rel}","templated":true}]}}