{"id":486,"date":"2024-01-19T03:03:27","date_gmt":"2024-01-19T03:03:27","guid":{"rendered":"https:\/\/gtechniqvietnamcom627.chiliweb.org\/?post_type=product&#038;p=486"},"modified":"2025-08-13T16:40:51","modified_gmt":"2025-08-13T09:40:51","slug":"logo","status":"publish","type":"product","link":"https:\/\/nvcgroupvn856.mbws.vn\/vi\/san-pham\/logo\/","title":{"rendered":"Logo"},"content":{"rendered":"<p>Logo th\u01b0\u01a1ng hi\u1ec7u NVC GROUP \u0111\u01b0\u1ee3c thi\u1ebft k\u1ebf theo phong c\u00e1ch t\u1ed1i gi\u1ea3n, k\u1ebft h\u1ee3p gi\u1eefa \u0111\u01b0\u1eddng n\u00e9t tinh g\u1ecdn v\u00e0 n\u1ec1n v\u00e2n g\u1ed7 nh\u1eb9 nh\u00e0ng, mang l\u1ea1i c\u1ea3m gi\u00e1c sang tr\u1ecdng v\u00e0 chuy\u00ean nghi\u1ec7p. M\u00e0u n\u00e2u \u1ea5m \u00e1p k\u1ebft h\u1ee3p \u00e1nh v\u00e0ng kim t\u1ea1o \u0111i\u1ec3m nh\u1ea5n cao c\u1ea5p, ph\u00f9 h\u1ee3p v\u1edbi ng\u00e0nh s\u1ea3n xu\u1ea5t v\u00e0 xu\u1ea5t kh\u1ea9u g\u1ed7. Logo d\u1ec5 d\u00e0ng \u1ee9ng d\u1ee5ng tr\u00ean nhi\u1ec1u ch\u1ea5t li\u1ec7u v\u00e0 n\u1ec1n kh\u00e1c nhau, \u0111\u1ea3m b\u1ea3o kh\u1ea3 n\u0103ng nh\u1eadn di\u1ec7n th\u01b0\u01a1ng hi\u1ec7u m\u1ea1nh m\u1ebd trong n\u01b0\u1edbc v\u00e0 qu\u1ed1c t\u1ebf.<\/p>\n","protected":false},"excerpt":{"rendered":"<p>Logo NVC GROUP phong c\u00e1ch t\u1ed1i gi\u1ea3n, l\u1ea5y c\u1ea3m h\u1ee9ng t\u1eeb v\u00e2n g\u1ed7 v\u00e0 t\u00f4ng m\u00e0u n\u00e2u \u2013 v\u00e0ng sang tr\u1ecdng<\/p>\n","protected":false},"featured_media":1749,"comment_status":"open","ping_status":"closed","template":"","meta":[],"product_brand":[],"product_cat":[47,48],"product_tag":[],"class_list":{"0":"post-486","1":"product","2":"type-product","3":"status-publish","4":"has-post-thumbnail","6":"product_cat-bien-quang-cao-ngoai-troi","7":"product_cat-logo","9":"first","10":"instock","11":"shipping-taxable","12":"product-type-variable"},"_links":{"self":[{"href":"https:\/\/nvcgroupvn856.mbws.vn\/vi\/wp-json\/wp\/v2\/product\/486","targetHints":{"allow":["GET"]}}],"collection":[{"href":"https:\/\/nvcgroupvn856.mbws.vn\/vi\/wp-json\/wp\/v2\/product"}],"about":[{"href":"https:\/\/nvcgroupvn856.mbws.vn\/vi\/wp-json\/wp\/v2\/types\/product"}],"replies":[{"embeddable":true,"href":"https:\/\/nvcgroupvn856.mbws.vn\/vi\/wp-json\/wp\/v2\/comments?post=486"}],"wp:featuredmedia":[{"embeddable":true,"href":"https:\/\/nvcgroupvn856.mbws.vn\/vi\/wp-json\/wp\/v2\/media\/1749"}],"wp:attachment":[{"href":"https:\/\/nvcgroupvn856.mbws.vn\/vi\/wp-json\/wp\/v2\/media?parent=486"}],"wp:term":[{"taxonomy":"product_brand","embeddable":true,"href":"https:\/\/nvcgroupvn856.mbws.vn\/vi\/wp-json\/wp\/v2\/product_brand?post=486"},{"taxonomy":"product_cat","embeddable":true,"href":"https:\/\/nvcgroupvn856.mbws.vn\/vi\/wp-json\/wp\/v2\/product_cat?post=486"},{"taxonomy":"product_tag","embeddable":true,"href":"https:\/\/nvcgroupvn856.mbws.vn\/vi\/wp-json\/wp\/v2\/product_tag?post=486"}],"curies":[{"name":"wp","href":"https:\/\/api.w.org\/{rel}","templated":true}]}}