{"id":493,"date":"2024-01-19T03:07:41","date_gmt":"2024-01-19T03:07:41","guid":{"rendered":"https:\/\/gtechniqvietnamcom627.chiliweb.org\/?post_type=product&#038;p=493"},"modified":"2025-08-13T16:41:11","modified_gmt":"2025-08-13T09:41:11","slug":"go-dam","status":"publish","type":"product","link":"https:\/\/nvcgroupvn856.mbws.vn\/vi\/san-pham\/go-dam\/","title":{"rendered":"G\u1ed7 d\u1eb1m"},"content":{"rendered":"<p>Nguy\u00ean li\u1ec7u g\u1ed7 d\u1ea7m c\u1ee7a NVC GROUP \u0111\u01b0\u1ee3c tuy\u1ec3n ch\u1ecdn t\u1eeb ngu\u1ed3n g\u1ed7 t\u1ef1 nhi\u00ean b\u1ec1n ch\u1eafc, tr\u1ea3i qua qu\u00e1 tr\u00ecnh x\u1eed l\u00fd \u0111\u1ea1t chu\u1ea9n xu\u1ea5t kh\u1ea9u. B\u1ec1 m\u1eb7t g\u1ed7 nh\u1eb5n m\u1ecbn, v\u00e2n g\u1ed7 r\u00f5 n\u00e9t v\u00e0 m\u00e0u s\u1eafc \u0111\u1ed3ng \u0111\u1ec1u, \u0111\u1ea3m b\u1ea3o t\u00ednh th\u1ea9m m\u1ef9 v\u00e0 \u0111\u1ed9 b\u1ec1n cao. S\u1ea3n ph\u1ea9m ph\u00f9 h\u1ee3p cho nhi\u1ec1u \u1ee9ng d\u1ee5ng nh\u01b0 s\u1ea3n xu\u1ea5t n\u1ed9i th\u1ea5t, x\u00edch \u0111u ngo\u00e0i tr\u1eddi, h\u1ed9p g\u1ed7 v\u00e0 c\u00e1c s\u1ea3n ph\u1ea9m OEM kh\u00e1c, \u0111\u00e1p \u1ee9ng y\u00eau c\u1ea7u ch\u1ea5t l\u01b0\u1ee3ng kh\u1eaft khe t\u1eeb th\u1ecb tr\u01b0\u1eddng qu\u1ed1c t\u1ebf.<\/p>\n<p>&nbsp;<\/p>\n","protected":false},"excerpt":{"rendered":"<p>G\u1ed7 d\u1ea7m ch\u1ea5t l\u01b0\u1ee3ng cao, b\u1ec1 m\u1eb7t nh\u1eb5n m\u1ecbn, v\u00e2n g\u1ed7 r\u00f5 \u0111\u1eb9p, th\u00edch h\u1ee3p cho s\u1ea3n xu\u1ea5t v\u00e0 xu\u1ea5t kh\u1ea9u.<\/p>\n<p>&nbsp;<\/p>\n","protected":false},"featured_media":1753,"comment_status":"open","ping_status":"closed","template":"","meta":[],"product_brand":[],"product_cat":[32,24],"product_tag":[],"class_list":{"0":"post-493","1":"product","2":"type-product","3":"status-publish","4":"has-post-thumbnail","6":"product_cat-go-dam","7":"product_cat-nguyen-lieu-go","9":"first","10":"instock","11":"shipping-taxable","12":"product-type-variable"},"_links":{"self":[{"href":"https:\/\/nvcgroupvn856.mbws.vn\/vi\/wp-json\/wp\/v2\/product\/493","targetHints":{"allow":["GET"]}}],"collection":[{"href":"https:\/\/nvcgroupvn856.mbws.vn\/vi\/wp-json\/wp\/v2\/product"}],"about":[{"href":"https:\/\/nvcgroupvn856.mbws.vn\/vi\/wp-json\/wp\/v2\/types\/product"}],"replies":[{"embeddable":true,"href":"https:\/\/nvcgroupvn856.mbws.vn\/vi\/wp-json\/wp\/v2\/comments?post=493"}],"wp:featuredmedia":[{"embeddable":true,"href":"https:\/\/nvcgroupvn856.mbws.vn\/vi\/wp-json\/wp\/v2\/media\/1753"}],"wp:attachment":[{"href":"https:\/\/nvcgroupvn856.mbws.vn\/vi\/wp-json\/wp\/v2\/media?parent=493"}],"wp:term":[{"taxonomy":"product_brand","embeddable":true,"href":"https:\/\/nvcgroupvn856.mbws.vn\/vi\/wp-json\/wp\/v2\/product_brand?post=493"},{"taxonomy":"product_cat","embeddable":true,"href":"https:\/\/nvcgroupvn856.mbws.vn\/vi\/wp-json\/wp\/v2\/product_cat?post=493"},{"taxonomy":"product_tag","embeddable":true,"href":"https:\/\/nvcgroupvn856.mbws.vn\/vi\/wp-json\/wp\/v2\/product_tag?post=493"}],"curies":[{"name":"wp","href":"https:\/\/api.w.org\/{rel}","templated":true}]}}