{"id":503,"date":"2024-01-19T03:09:42","date_gmt":"2024-01-19T03:09:42","guid":{"rendered":"https:\/\/gtechniqvietnamcom627.chiliweb.org\/?post_type=product&#038;p=503"},"modified":"2025-08-13T16:43:58","modified_gmt":"2025-08-13T09:43:58","slug":"van-boc","status":"publish","type":"product","link":"https:\/\/nvcgroupvn856.mbws.vn\/vi\/san-pham\/van-boc\/","title":{"rendered":"V\u00e1n b\u00f3c"},"content":{"rendered":"<p>V\u00e1n b\u00f3c c\u1ee7a NVC GROUP \u0111\u01b0\u1ee3c s\u1ea3n xu\u1ea5t t\u1eeb g\u1ed7 t\u1ef1 nhi\u00ean ch\u1ea5t l\u01b0\u1ee3ng cao, gia c\u00f4ng m\u1ecfng \u0111\u1ec1u v\u1edbi b\u1ec1 m\u1eb7t nh\u1eb5n m\u1ecbn v\u00e0 v\u00e2n g\u1ed7 tinh t\u1ebf. S\u1ea3n ph\u1ea9m c\u00f3 \u0111\u1ed9 b\u1ec1n, t\u00ednh th\u1ea9m m\u1ef9 v\u00e0 kh\u1ea3 n\u0103ng b\u00e1m d\u00ednh t\u1ed1t, ph\u00f9 h\u1ee3p cho c\u00e1c \u1ee9ng d\u1ee5ng trong s\u1ea3n xu\u1ea5t n\u1ed9i th\u1ea5t, \u1ed1p t\u01b0\u1eddng, trang tr\u00ed v\u00e0 c\u00e1c \u0111\u01a1n h\u00e0ng OEM xu\u1ea5t kh\u1ea9u. V\u1edbi quy tr\u00ecnh ki\u1ec3m so\u00e1t nghi\u00eam ng\u1eb7t, v\u00e1n b\u00f3c NVC GROUP \u0111\u1ea3m b\u1ea3o \u0111\u1ea1t chu\u1ea9n qu\u1ed1c t\u1ebf, \u0111\u00e1p \u1ee9ng nhu c\u1ea7u \u0111a d\u1ea1ng c\u1ee7a kh\u00e1ch h\u00e0ng trong v\u00e0 ngo\u00e0i n\u01b0\u1edbc.<\/p>\n<p>&nbsp;<\/p>\n","protected":false},"excerpt":{"rendered":"<p>V\u00e1n b\u00f3c m\u1ecfng, b\u1ec1 m\u1eb7t m\u1ecbn, v\u00e2n g\u1ed7 t\u1ef1 nhi\u00ean, th\u00edch h\u1ee3p s\u1ea3n xu\u1ea5t n\u1ed9i th\u1ea5t v\u00e0 trang tr\u00ed.<\/p>\n<p>&nbsp;<\/p>\n","protected":false},"featured_media":1756,"comment_status":"open","ping_status":"closed","template":"","meta":[],"product_brand":[],"product_cat":[24,33],"product_tag":[],"class_list":{"0":"post-503","1":"product","2":"type-product","3":"status-publish","4":"has-post-thumbnail","6":"product_cat-nguyen-lieu-go","7":"product_cat-van-boc","9":"first","10":"instock","11":"shipping-taxable","12":"product-type-variable"},"_links":{"self":[{"href":"https:\/\/nvcgroupvn856.mbws.vn\/vi\/wp-json\/wp\/v2\/product\/503","targetHints":{"allow":["GET"]}}],"collection":[{"href":"https:\/\/nvcgroupvn856.mbws.vn\/vi\/wp-json\/wp\/v2\/product"}],"about":[{"href":"https:\/\/nvcgroupvn856.mbws.vn\/vi\/wp-json\/wp\/v2\/types\/product"}],"replies":[{"embeddable":true,"href":"https:\/\/nvcgroupvn856.mbws.vn\/vi\/wp-json\/wp\/v2\/comments?post=503"}],"wp:featuredmedia":[{"embeddable":true,"href":"https:\/\/nvcgroupvn856.mbws.vn\/vi\/wp-json\/wp\/v2\/media\/1756"}],"wp:attachment":[{"href":"https:\/\/nvcgroupvn856.mbws.vn\/vi\/wp-json\/wp\/v2\/media?parent=503"}],"wp:term":[{"taxonomy":"product_brand","embeddable":true,"href":"https:\/\/nvcgroupvn856.mbws.vn\/vi\/wp-json\/wp\/v2\/product_brand?post=503"},{"taxonomy":"product_cat","embeddable":true,"href":"https:\/\/nvcgroupvn856.mbws.vn\/vi\/wp-json\/wp\/v2\/product_cat?post=503"},{"taxonomy":"product_tag","embeddable":true,"href":"https:\/\/nvcgroupvn856.mbws.vn\/vi\/wp-json\/wp\/v2\/product_tag?post=503"}],"curies":[{"name":"wp","href":"https:\/\/api.w.org\/{rel}","templated":true}]}}