{"id":511,"date":"2024-01-19T03:12:35","date_gmt":"2024-01-19T03:12:35","guid":{"rendered":"https:\/\/gtechniqvietnamcom627.chiliweb.org\/?post_type=product&#038;p=511"},"modified":"2025-08-13T16:46:20","modified_gmt":"2025-08-13T09:46:20","slug":"bo-ban-ghe-go-cao-cap","status":"publish","type":"product","link":"https:\/\/nvcgroupvn856.mbws.vn\/vi\/san-pham\/bo-ban-ghe-go-cao-cap\/","title":{"rendered":"B\u1ed9 b\u00e0n gh\u1ebf g\u1ed7 cao c\u1ea5p"},"content":{"rendered":"<p>B\u1ed9 b\u00e0n gh\u1ebf NVC GROUP \u0111\u01b0\u1ee3c ch\u1ebf t\u00e1c t\u1eeb g\u1ed7 t\u1ef1 nhi\u00ean b\u1ec1n ch\u1eafc, x\u1eed l\u00fd ch\u1ed1ng m\u1ed1i m\u1ecdt v\u00e0 ch\u1ecbu th\u1eddi ti\u1ebft t\u1ed1t. Thi\u1ebft k\u1ebf h\u00e0i h\u00f2a gi\u1eefa t\u00ednh th\u1ea9m m\u1ef9 v\u00e0 c\u00f4ng n\u0103ng, ph\u00f9 h\u1ee3p cho c\u1ea3 kh\u00f4ng gian n\u1ed9i th\u1ea5t sang tr\u1ecdng l\u1eabn khu v\u1ef1c ngo\u1ea1i th\u1ea5t nh\u01b0 s\u00e2n v\u01b0\u1eddn, ban c\u00f4ng. B\u1ec1 m\u1eb7t g\u1ed7 \u0111\u01b0\u1ee3c ho\u00e0n thi\u1ec7n t\u1ec9 m\u1ec9, gi\u1eef nguy\u00ean v\u00e2n g\u1ed7 t\u1ef1 nhi\u00ean, t\u1ea1o c\u1ea3m gi\u00e1c \u1ea5m \u00e1p v\u00e0 g\u1ea7n g\u0169i. S\u1ea3n ph\u1ea9m c\u00f3 th\u1ec3 t\u00f9y ch\u1ec9nh k\u00edch th\u01b0\u1edbc, m\u00e0u s\u1eafc v\u00e0 ki\u1ec3u d\u00e1ng theo y\u00eau c\u1ea7u OEM, \u0111\u00e1p \u1ee9ng ti\u00eau chu\u1ea9n xu\u1ea5t kh\u1ea9u qu\u1ed1c t\u1ebf.<\/p>\n<p>&nbsp;<\/p>\n","protected":false},"excerpt":{"rendered":"<p>B\u1ed9 b\u00e0n gh\u1ebf g\u1ed7 cao c\u1ea5p, thi\u1ebft k\u1ebf tinh t\u1ebf, ph\u00f9 h\u1ee3p n\u1ed9i th\u1ea5t v\u00e0 ngo\u1ea1i th\u1ea5t.<\/p>\n<p>&nbsp;<\/p>\n","protected":false},"featured_media":1759,"comment_status":"open","ping_status":"closed","template":"","meta":[],"product_brand":[],"product_cat":[25,31],"product_tag":[],"class_list":{"0":"post-511","1":"product","2":"type-product","3":"status-publish","4":"has-post-thumbnail","6":"product_cat-noi-ngoai-that","7":"product_cat-ban-ghe","9":"first","10":"instock","11":"shipping-taxable","12":"product-type-variable"},"_links":{"self":[{"href":"https:\/\/nvcgroupvn856.mbws.vn\/vi\/wp-json\/wp\/v2\/product\/511","targetHints":{"allow":["GET"]}}],"collection":[{"href":"https:\/\/nvcgroupvn856.mbws.vn\/vi\/wp-json\/wp\/v2\/product"}],"about":[{"href":"https:\/\/nvcgroupvn856.mbws.vn\/vi\/wp-json\/wp\/v2\/types\/product"}],"replies":[{"embeddable":true,"href":"https:\/\/nvcgroupvn856.mbws.vn\/vi\/wp-json\/wp\/v2\/comments?post=511"}],"wp:featuredmedia":[{"embeddable":true,"href":"https:\/\/nvcgroupvn856.mbws.vn\/vi\/wp-json\/wp\/v2\/media\/1759"}],"wp:attachment":[{"href":"https:\/\/nvcgroupvn856.mbws.vn\/vi\/wp-json\/wp\/v2\/media?parent=511"}],"wp:term":[{"taxonomy":"product_brand","embeddable":true,"href":"https:\/\/nvcgroupvn856.mbws.vn\/vi\/wp-json\/wp\/v2\/product_brand?post=511"},{"taxonomy":"product_cat","embeddable":true,"href":"https:\/\/nvcgroupvn856.mbws.vn\/vi\/wp-json\/wp\/v2\/product_cat?post=511"},{"taxonomy":"product_tag","embeddable":true,"href":"https:\/\/nvcgroupvn856.mbws.vn\/vi\/wp-json\/wp\/v2\/product_tag?post=511"}],"curies":[{"name":"wp","href":"https:\/\/api.w.org\/{rel}","templated":true}]}}