{"id":525,"date":"2024-01-19T03:18:45","date_gmt":"2024-01-19T03:18:45","guid":{"rendered":"https:\/\/gtechniqvietnamcom627.chiliweb.org\/?post_type=product&#038;p=525"},"modified":"2025-08-13T16:51:17","modified_gmt":"2025-08-13T09:51:17","slug":"xich-du-ngoai-troi","status":"publish","type":"product","link":"https:\/\/nvcgroupvn856.mbws.vn\/vi\/san-pham\/xich-du-ngoai-troi\/","title":{"rendered":"X\u00edch \u0111u ngo\u00e0i tr\u1eddi"},"content":{"rendered":"<p>X\u00edch \u0111u ngo\u00e0i tr\u1eddi NVC GROUP \u0111\u01b0\u1ee3c s\u1ea3n xu\u1ea5t t\u1eeb g\u1ed7 t\u1ef1 nhi\u00ean cao c\u1ea5p, x\u1eed l\u00fd ch\u1ed1ng th\u1ea5m v\u00e0 ch\u1ed1ng m\u1ed1i m\u1ecdt, \u0111\u1ea3m b\u1ea3o s\u1eed d\u1ee5ng l\u00e2u d\u00e0i trong m\u1ecdi \u0111i\u1ec1u ki\u1ec7n th\u1eddi ti\u1ebft. Thi\u1ebft k\u1ebf v\u1eefng ch\u1eafc, an to\u00e0n k\u1ebft h\u1ee3p v\u1edbi \u0111\u1ec7m ng\u1ed3i \u00eam \u00e1i, mang \u0111\u1ebfn tr\u1ea3i nghi\u1ec7m th\u01b0 gi\u00e3n tuy\u1ec7t v\u1eddi cho s\u00e2n v\u01b0\u1eddn, hi\u00ean nh\u00e0 hay khu ngh\u1ec9 d\u01b0\u1ee1ng. S\u1ea3n ph\u1ea9m c\u00f3 th\u1ec3 t\u00f9y ch\u1ec9nh k\u00edch th\u01b0\u1edbc, m\u00e0u s\u1eafc v\u00e0 ki\u1ec3u d\u00e1ng theo nhu c\u1ea7u OEM, \u0111\u00e1p \u1ee9ng ti\u00eau chu\u1ea9n qu\u1ed1c t\u1ebf v\u00e0 ph\u00f9 h\u1ee3p cho c\u1ea3 th\u1ecb tr\u01b0\u1eddng trong n\u01b0\u1edbc l\u1eabn xu\u1ea5t kh\u1ea9u.<\/p>\n<p>&nbsp;<\/p>\n","protected":false},"excerpt":{"rendered":"<p>X\u00edch \u0111u g\u1ed7 ngo\u00e0i tr\u1eddi, b\u1ec1n \u0111\u1eb9p, mang l\u1ea1i kh\u00f4ng gian th\u01b0 gi\u00e3n l\u00fd t\u01b0\u1edfng.<\/p>\n<p>&nbsp;<\/p>\n","protected":false},"featured_media":1764,"comment_status":"open","ping_status":"closed","template":"","meta":[],"product_brand":[],"product_cat":[25,43],"product_tag":[],"class_list":{"0":"post-525","1":"product","2":"type-product","3":"status-publish","4":"has-post-thumbnail","6":"product_cat-noi-ngoai-that","7":"product_cat-xich-du-ngoai-troi","9":"first","10":"instock","11":"shipping-taxable","12":"product-type-variable"},"_links":{"self":[{"href":"https:\/\/nvcgroupvn856.mbws.vn\/vi\/wp-json\/wp\/v2\/product\/525","targetHints":{"allow":["GET"]}}],"collection":[{"href":"https:\/\/nvcgroupvn856.mbws.vn\/vi\/wp-json\/wp\/v2\/product"}],"about":[{"href":"https:\/\/nvcgroupvn856.mbws.vn\/vi\/wp-json\/wp\/v2\/types\/product"}],"replies":[{"embeddable":true,"href":"https:\/\/nvcgroupvn856.mbws.vn\/vi\/wp-json\/wp\/v2\/comments?post=525"}],"wp:featuredmedia":[{"embeddable":true,"href":"https:\/\/nvcgroupvn856.mbws.vn\/vi\/wp-json\/wp\/v2\/media\/1764"}],"wp:attachment":[{"href":"https:\/\/nvcgroupvn856.mbws.vn\/vi\/wp-json\/wp\/v2\/media?parent=525"}],"wp:term":[{"taxonomy":"product_brand","embeddable":true,"href":"https:\/\/nvcgroupvn856.mbws.vn\/vi\/wp-json\/wp\/v2\/product_brand?post=525"},{"taxonomy":"product_cat","embeddable":true,"href":"https:\/\/nvcgroupvn856.mbws.vn\/vi\/wp-json\/wp\/v2\/product_cat?post=525"},{"taxonomy":"product_tag","embeddable":true,"href":"https:\/\/nvcgroupvn856.mbws.vn\/vi\/wp-json\/wp\/v2\/product_tag?post=525"}],"curies":[{"name":"wp","href":"https:\/\/api.w.org\/{rel}","templated":true}]}}