{"id":534,"date":"2024-01-19T03:21:06","date_gmt":"2024-01-19T03:21:06","guid":{"rendered":"https:\/\/gtechniqvietnamcom627.chiliweb.org\/?post_type=product&#038;p=534"},"modified":"2025-08-14T11:08:52","modified_gmt":"2025-08-14T04:08:52","slug":"quan-tai-go-cao-cap","status":"publish","type":"product","link":"https:\/\/nvcgroupvn856.mbws.vn\/vi\/san-pham\/quan-tai-go-cao-cap\/","title":{"rendered":"Quan t\u00e0i g\u1ed7 cao c\u1ea5p"},"content":{"rendered":"<p>Quan t\u00e0i g\u1ed7 xu\u1ea5t kh\u1ea9u NVC GROUP \u0111\u01b0\u1ee3c ch\u1ebf t\u00e1c t\u1eeb g\u1ed7 t\u1ef1 nhi\u00ean \u0111\u00e3 qua x\u1eed l\u00fd ch\u1ed1ng cong v\u00eanh, m\u1ed1i m\u1ecdt v\u00e0 \u0111\u1ea3m b\u1ea3o \u0111\u1ed9 b\u1ec1n cao. S\u1ea3n ph\u1ea9m \u0111\u01b0\u1ee3c ho\u00e0n thi\u1ec7n t\u1ec9 m\u1ec9 v\u1edbi b\u1ec1 m\u1eb7t b\u00f3ng m\u1ecbn, chi ti\u1ebft ch\u1ea1m kh\u1eafc tinh t\u1ebf v\u00e0 ph\u1ee5 ki\u1ec7n kim lo\u1ea1i ch\u1ea5t l\u01b0\u1ee3ng. Ch\u00fang t\u00f4i \u0111\u00e1p \u1ee9ng linh ho\u1ea1t m\u1ecdi y\u00eau c\u1ea7u v\u1ec1 k\u00edch th\u01b0\u1edbc, thi\u1ebft k\u1ebf, m\u00e0u s\u1eafc theo \u0111\u01a1n h\u00e0ng OEM, tu\u00e2n th\u1ee7 nghi\u00eam ng\u1eb7t ti\u00eau chu\u1ea9n qu\u1ed1c t\u1ebf. V\u1edbi quy tr\u00ecnh s\u1ea3n xu\u1ea5t hi\u1ec7n \u0111\u1ea1i v\u00e0 ki\u1ec3m so\u00e1t ch\u1ea5t l\u01b0\u1ee3ng ch\u1eb7t ch\u1ebd, NVC GROUP cam k\u1ebft mang \u0111\u1ebfn s\u1ea3n ph\u1ea9m trang nghi\u00eam, ch\u1ea5t l\u01b0\u1ee3ng v\u01b0\u1ee3t tr\u1ed9i cho th\u1ecb tr\u01b0\u1eddng to\u00e0n c\u1ea7u.<\/p>\n<p>&nbsp;<\/p>\n","protected":false},"excerpt":{"rendered":"<p>Quan t\u00e0i g\u1ed7 cao c\u1ea5p, s\u1ea3n xu\u1ea5t theo ti\u00eau chu\u1ea9n xu\u1ea5t kh\u1ea9u qu\u1ed1c t\u1ebf.<\/p>\n<p>&nbsp;<\/p>\n","protected":false},"featured_media":1768,"comment_status":"open","ping_status":"closed","template":"","meta":[],"product_brand":[],"product_cat":[26,29],"product_tag":[],"class_list":{"0":"post-534","1":"product","2":"type-product","3":"status-publish","4":"has-post-thumbnail","6":"product_cat-quan-tai-go","7":"product_cat-quan-tai-xuat-khau","9":"first","10":"instock","11":"shipping-taxable","12":"product-type-variable"},"_links":{"self":[{"href":"https:\/\/nvcgroupvn856.mbws.vn\/vi\/wp-json\/wp\/v2\/product\/534","targetHints":{"allow":["GET"]}}],"collection":[{"href":"https:\/\/nvcgroupvn856.mbws.vn\/vi\/wp-json\/wp\/v2\/product"}],"about":[{"href":"https:\/\/nvcgroupvn856.mbws.vn\/vi\/wp-json\/wp\/v2\/types\/product"}],"replies":[{"embeddable":true,"href":"https:\/\/nvcgroupvn856.mbws.vn\/vi\/wp-json\/wp\/v2\/comments?post=534"}],"wp:featuredmedia":[{"embeddable":true,"href":"https:\/\/nvcgroupvn856.mbws.vn\/vi\/wp-json\/wp\/v2\/media\/1768"}],"wp:attachment":[{"href":"https:\/\/nvcgroupvn856.mbws.vn\/vi\/wp-json\/wp\/v2\/media?parent=534"}],"wp:term":[{"taxonomy":"product_brand","embeddable":true,"href":"https:\/\/nvcgroupvn856.mbws.vn\/vi\/wp-json\/wp\/v2\/product_brand?post=534"},{"taxonomy":"product_cat","embeddable":true,"href":"https:\/\/nvcgroupvn856.mbws.vn\/vi\/wp-json\/wp\/v2\/product_cat?post=534"},{"taxonomy":"product_tag","embeddable":true,"href":"https:\/\/nvcgroupvn856.mbws.vn\/vi\/wp-json\/wp\/v2\/product_tag?post=534"}],"curies":[{"name":"wp","href":"https:\/\/api.w.org\/{rel}","templated":true}]}}